{"id":62,"date":"2023-10-11T21:35:38","date_gmt":"2023-10-11T21:35:38","guid":{"rendered":"https:\/\/thematch.ai\/?page_id=62"},"modified":"2026-01-04T18:08:56","modified_gmt":"2026-01-04T18:08:56","slug":"impressum","status":"publish","type":"page","link":"https:\/\/thematch.ai\/de\/impressum\/","title":{"rendered":"Impressum"},"content":{"rendered":"\t\t<div data-elementor-type=\"wp-page\" data-elementor-id=\"62\" class=\"elementor elementor-62\" data-elementor-post-type=\"page\">\n\t\t\t\t<div class=\"elementor-element elementor-element-acd153f e-flex e-con-boxed e-con e-parent\" data-id=\"acd153f\" data-element_type=\"container\" data-e-type=\"container\">\n\t\t\t\t\t<div class=\"e-con-inner\">\n\t\t\t\t<div class=\"elementor-element elementor-element-062efc2 elementor-widget elementor-widget-heading\" data-id=\"062efc2\" data-element_type=\"widget\" data-e-type=\"widget\" data-widget_type=\"heading.default\">\n\t\t\t\t<div class=\"elementor-widget-container\">\n\t\t\t\t\t<h1 class=\"elementor-heading-title elementor-size-default\">Angaben gem\u00e4\u00df \u00a7 5 TMG und sonstige Hinweise\u200b<\/h1>\t\t\t\t<\/div>\n\t\t\t\t<\/div>\n\t\t\t\t<div class=\"elementor-element elementor-element-44fd997 elementor-widget elementor-widget-text-editor\" data-id=\"44fd997\" data-element_type=\"widget\" data-e-type=\"widget\" data-widget_type=\"text-editor.default\">\n\t\t\t\t<div class=\"elementor-widget-container\">\n\t\t\t\t\t\t\t\t\t<p><strong>TheMatch.AI GmbH<\/strong><\/p><p>Neue Maastrichter Stra\u00dfe 11<br \/>50672 K\u00f6ln<\/p><p>Deutschland<br \/><br \/><\/p><p>Handelsregister: Amtsgericht K\u00f6ln HRB 116817<br \/>Umsatzsteuer-Identifikationsnummer gem\u00e4\u00df \u00a727 a Umsatzsteuergesetz:\u00a0DE365334043<\/p><p>Gesch\u00e4ftsf\u00fchrer: Omar Sarwar<br \/><br \/><\/p><p><strong>Kontakt<\/strong><br \/>E-Mail: hello[at]thematch.ai<\/p>\t\t\t\t\t\t\t\t<\/div>\n\t\t\t\t<\/div>\n\t\t\t\t<div class=\"elementor-element elementor-element-a82fa3d elementor-widget elementor-widget-heading\" data-id=\"a82fa3d\" data-element_type=\"widget\" data-e-type=\"widget\" data-widget_type=\"heading.default\">\n\t\t\t\t<div class=\"elementor-widget-container\">\n\t\t\t\t\t<h2 class=\"elementor-heading-title elementor-size-default\">Haftung f\u00fcr Inhalte<\/h2>\t\t\t\t<\/div>\n\t\t\t\t<\/div>\n\t\t\t\t<div class=\"elementor-element elementor-element-c92904d elementor-widget elementor-widget-text-editor\" data-id=\"c92904d\" data-element_type=\"widget\" data-e-type=\"widget\" data-widget_type=\"text-editor.default\">\n\t\t\t\t<div class=\"elementor-widget-container\">\n\t\t\t\t\t\t\t\t\tAls Diensteanbieter sind wir gem\u00e4\u00df \u00a7 7 Abs.1 TMG f\u00fcr eigene Inhalte auf diesen Seiten nach den allgemeinen Gesetzen verantwortlich. Nach \u00a7\u00a7 8 bis 10 TMG sind wir als Diensteanbieter jedoch nicht verpflichtet, \u00fcbermittelte oder gespeicherte fremde Informationen zu \u00fcberwachen oder nach Umst\u00e4nden zu forschen, die auf eine rechtswidrige T\u00e4tigkeit hinweisen.<br><br>\n\nVerpflichtungen zur Entfernung oder Sperrung der Nutzung von Informationen nach den allgemeinen Gesetzen bleiben hiervon unber\u00fchrt. Eine diesbez\u00fcgliche Haftung ist jedoch erst ab dem Zeitpunkt der Kenntnis einer konkreten Rechtsverletzung m\u00f6glich. Bei Bekanntwerden von entsprechenden Rechtsverletzungen werden wir diese Inhalte umgehend entfernen.\t\t\t\t\t\t\t\t<\/div>\n\t\t\t\t<\/div>\n\t\t\t\t<div class=\"elementor-element elementor-element-52e9fd1 elementor-widget elementor-widget-heading\" data-id=\"52e9fd1\" data-element_type=\"widget\" data-e-type=\"widget\" data-widget_type=\"heading.default\">\n\t\t\t\t<div class=\"elementor-widget-container\">\n\t\t\t\t\t<h2 class=\"elementor-heading-title elementor-size-default\">Haftung f\u00fcr Links<\/h2>\t\t\t\t<\/div>\n\t\t\t\t<\/div>\n\t\t\t\t<div class=\"elementor-element elementor-element-148e13b elementor-widget elementor-widget-text-editor\" data-id=\"148e13b\" data-element_type=\"widget\" data-e-type=\"widget\" data-widget_type=\"text-editor.default\">\n\t\t\t\t<div class=\"elementor-widget-container\">\n\t\t\t\t\t\t\t\t\t<p><span style=\"font-weight: 400;\">Unser Angebot enth\u00e4lt Links zu externen Websites Dritter, auf deren Inhalte wir keinen Einfluss haben. Deshalb k\u00f6nnen wir f\u00fcr diese fremden Inhalte auch keine Gew\u00e4hr \u00fcbernehmen. F\u00fcr die Inhalte der verlinkten Seiten ist stets der jeweilige Anbieter oder Betreiber der Seiten verantwortlich. Die verlinkten Seiten wurden zum Zeitpunkt der Verlinkung auf m\u00f6gliche Rechtsverst\u00f6\u00dfe \u00fcberpr\u00fcft. Rechtswidrige Inhalte waren zum Zeitpunkt der Verlinkung nicht erkennbar.<\/span><span style=\"font-weight: 400;\"><br \/><\/span><span style=\"font-weight: 400;\"><br \/><\/span><span style=\"font-weight: 400;\">Eine permanente inhaltliche Kontrolle der verlinkten Seiten ist jedoch ohne konkrete Anhaltspunkte einer Rechtsverletzung nicht zumutbar. Bei Bekanntwerden von Rechtsverletzungen werden wir derartige Links umgehend entfernen.<\/span><\/p>\t\t\t\t\t\t\t\t<\/div>\n\t\t\t\t<\/div>\n\t\t\t\t<div class=\"elementor-element elementor-element-de636a3 elementor-widget elementor-widget-heading\" data-id=\"de636a3\" data-element_type=\"widget\" data-e-type=\"widget\" data-widget_type=\"heading.default\">\n\t\t\t\t<div class=\"elementor-widget-container\">\n\t\t\t\t\t<h2 class=\"elementor-heading-title elementor-size-default\">Urheberrecht<\/h2>\t\t\t\t<\/div>\n\t\t\t\t<\/div>\n\t\t\t\t<div class=\"elementor-element elementor-element-657c492 elementor-widget elementor-widget-text-editor\" data-id=\"657c492\" data-element_type=\"widget\" data-e-type=\"widget\" data-widget_type=\"text-editor.default\">\n\t\t\t\t<div class=\"elementor-widget-container\">\n\t\t\t\t\t\t\t\t\t<p><span style=\"font-weight: 400;\">Die durch die Seitenbetreiber erstellten Inhalte und Werke auf diesen Seiten unterliegen dem deutschen Urheberrecht. Die Vervielf\u00e4ltigung, Bearbeitung, Verbreitung und jede Art der Verwertung au\u00dferhalb der Grenzen des Urheberrechtes bed\u00fcrfen der schriftlichen Zustimmung des jeweiligen Autors bzw. Erstellers. Downloads und Kopien dieser Seite sind nur f\u00fcr den privaten, nicht kommerziellen Gebrauch gestattet.<\/span><span style=\"font-weight: 400;\"><br \/><\/span><span style=\"font-weight: 400;\"><br \/><\/span><span style=\"font-weight: 400;\">Soweit die Inhalte auf dieser Seite nicht vom Betreiber erstellt wurden, werden die Urheberrechte Dritter beachtet. Insbesondere werden Inhalte Dritter als solche gekennzeichnet. Sollten Sie trotzdem auf eine Urheberrechtsverletzung aufmerksam werden, bitten wir um einen entsprechenden Hinweis. Bei Bekanntwerden von Rechtsverletzungen werden wir derartige Inhalte umgehend entfernen.<\/span><\/p>\t\t\t\t\t\t\t\t<\/div>\n\t\t\t\t<\/div>\n\t\t\t\t\t<\/div>\n\t\t\t\t<\/div>\n\t\t\t\t<\/div>\n\t\t","protected":false},"excerpt":{"rendered":"<p>Angaben gem\u00e4\u00df \u00a7 5 TMG und sonstige Hinweise\u200b TheMatch.AI GmbH Neue Maastrichter Stra\u00dfe 1150672 K\u00f6ln Deutschland Handelsregister: Amtsgericht K\u00f6ln HRB 116817Umsatzsteuer-Identifikationsnummer gem\u00e4\u00df \u00a727 a Umsatzsteuergesetz:\u00a0DE365334043 Gesch\u00e4ftsf\u00fchrer: Omar Sarwar KontaktE-Mail: hello[at]thematch.ai Haftung f\u00fcr Inhalte Als Diensteanbieter sind wir gem\u00e4\u00df \u00a7 7 Abs.1 TMG f\u00fcr eigene Inhalte auf diesen Seiten nach den allgemeinen Gesetzen verantwortlich. Nach \u00a7\u00a7 [&hellip;]<\/p>\n","protected":false},"author":2,"featured_media":0,"parent":0,"menu_order":0,"comment_status":"closed","ping_status":"closed","template":"","meta":{"_acf_changed":false,"footnotes":""},"class_list":["post-62","page","type-page","status-publish","hentry"],"acf":[],"yoast_head":"<!-- This site is optimized with the Yoast SEO plugin v27.3 - https:\/\/yoast.com\/product\/yoast-seo-wordpress\/ -->\n<title>Impressum - TheMatch.AI<\/title>\n<meta name=\"robots\" content=\"index, follow, max-snippet:-1, max-image-preview:large, max-video-preview:-1\" \/>\n<link rel=\"canonical\" href=\"https:\/\/thematch.ai\/de\/impressum\/\" \/>\n<meta property=\"og:locale\" content=\"de_DE\" \/>\n<meta property=\"og:type\" content=\"article\" \/>\n<meta property=\"og:title\" content=\"Impressum - TheMatch.AI\" \/>\n<meta property=\"og:description\" content=\"Angaben gem\u00e4\u00df \u00a7 5 TMG und sonstige Hinweise\u200b TheMatch.AI GmbH Neue Maastrichter Stra\u00dfe 1150672 K\u00f6ln Deutschland Handelsregister: Amtsgericht K\u00f6ln HRB 116817Umsatzsteuer-Identifikationsnummer gem\u00e4\u00df \u00a727 a Umsatzsteuergesetz:\u00a0DE365334043 Gesch\u00e4ftsf\u00fchrer: Omar Sarwar KontaktE-Mail: hello[at]thematch.ai Haftung f\u00fcr Inhalte Als Diensteanbieter sind wir gem\u00e4\u00df \u00a7 7 Abs.1 TMG f\u00fcr eigene Inhalte auf diesen Seiten nach den allgemeinen Gesetzen verantwortlich. Nach \u00a7\u00a7 [&hellip;]\" \/>\n<meta property=\"og:url\" content=\"https:\/\/thematch.ai\/de\/impressum\/\" \/>\n<meta property=\"og:site_name\" content=\"TheMatch.AI\" \/>\n<meta property=\"article:modified_time\" content=\"2026-01-04T18:08:56+00:00\" \/>\n<meta name=\"twitter:card\" content=\"summary_large_image\" \/>\n<meta name=\"twitter:label1\" content=\"Gesch\u00e4tzte Lesezeit\" \/>\n\t<meta name=\"twitter:data1\" content=\"2\u00a0Minuten\" \/>\n<script type=\"application\/ld+json\" class=\"yoast-schema-graph\">{\"@context\":\"https:\\\/\\\/schema.org\",\"@graph\":[{\"@type\":\"WebPage\",\"@id\":\"https:\\\/\\\/thematch.ai\\\/de\\\/impressum\\\/\",\"url\":\"https:\\\/\\\/thematch.ai\\\/de\\\/impressum\\\/\",\"name\":\"Impressum - TheMatch.AI\",\"isPartOf\":{\"@id\":\"https:\\\/\\\/thematch.ai\\\/de\\\/#website\"},\"datePublished\":\"2023-10-11T21:35:38+00:00\",\"dateModified\":\"2026-01-04T18:08:56+00:00\",\"breadcrumb\":{\"@id\":\"https:\\\/\\\/thematch.ai\\\/de\\\/impressum\\\/#breadcrumb\"},\"inLanguage\":\"de\",\"potentialAction\":[{\"@type\":\"ReadAction\",\"target\":[\"https:\\\/\\\/thematch.ai\\\/de\\\/impressum\\\/\"]}]},{\"@type\":\"BreadcrumbList\",\"@id\":\"https:\\\/\\\/thematch.ai\\\/de\\\/impressum\\\/#breadcrumb\",\"itemListElement\":[{\"@type\":\"ListItem\",\"position\":1,\"name\":\"Startseite\",\"item\":\"https:\\\/\\\/thematch.ai\\\/de\\\/\"},{\"@type\":\"ListItem\",\"position\":2,\"name\":\"Impressum\"}]},{\"@type\":\"WebSite\",\"@id\":\"https:\\\/\\\/thematch.ai\\\/de\\\/#website\",\"url\":\"https:\\\/\\\/thematch.ai\\\/de\\\/\",\"name\":\"TheMatch.AI\",\"description\":\"\",\"publisher\":{\"@id\":\"https:\\\/\\\/thematch.ai\\\/de\\\/#organization\"},\"potentialAction\":[{\"@type\":\"SearchAction\",\"target\":{\"@type\":\"EntryPoint\",\"urlTemplate\":\"https:\\\/\\\/thematch.ai\\\/de\\\/?s={search_term_string}\"},\"query-input\":{\"@type\":\"PropertyValueSpecification\",\"valueRequired\":true,\"valueName\":\"search_term_string\"}}],\"inLanguage\":\"de\"},{\"@type\":\"Organization\",\"@id\":\"https:\\\/\\\/thematch.ai\\\/de\\\/#organization\",\"name\":\"TheMatch.AI\",\"url\":\"https:\\\/\\\/thematch.ai\\\/de\\\/\",\"logo\":{\"@type\":\"ImageObject\",\"inLanguage\":\"de\",\"@id\":\"https:\\\/\\\/thematch.ai\\\/de\\\/#\\\/schema\\\/logo\\\/image\\\/\",\"url\":\"https:\\\/\\\/thematch.ai\\\/wp-content\\\/uploads\\\/2023\\\/10\\\/logo-the-match.png\",\"contentUrl\":\"https:\\\/\\\/thematch.ai\\\/wp-content\\\/uploads\\\/2023\\\/10\\\/logo-the-match.png\",\"width\":720,\"height\":139,\"caption\":\"TheMatch.AI\"},\"image\":{\"@id\":\"https:\\\/\\\/thematch.ai\\\/de\\\/#\\\/schema\\\/logo\\\/image\\\/\"}}]}<\/script>\n<!-- \/ Yoast SEO plugin. -->","yoast_head_json":{"title":"Impressum - TheMatch.AI","robots":{"index":"index","follow":"follow","max-snippet":"max-snippet:-1","max-image-preview":"max-image-preview:large","max-video-preview":"max-video-preview:-1"},"canonical":"https:\/\/thematch.ai\/de\/impressum\/","og_locale":"de_DE","og_type":"article","og_title":"Impressum - TheMatch.AI","og_description":"Angaben gem\u00e4\u00df \u00a7 5 TMG und sonstige Hinweise\u200b TheMatch.AI GmbH Neue Maastrichter Stra\u00dfe 1150672 K\u00f6ln Deutschland Handelsregister: Amtsgericht K\u00f6ln HRB 116817Umsatzsteuer-Identifikationsnummer gem\u00e4\u00df \u00a727 a Umsatzsteuergesetz:\u00a0DE365334043 Gesch\u00e4ftsf\u00fchrer: Omar Sarwar KontaktE-Mail: hello[at]thematch.ai Haftung f\u00fcr Inhalte Als Diensteanbieter sind wir gem\u00e4\u00df \u00a7 7 Abs.1 TMG f\u00fcr eigene Inhalte auf diesen Seiten nach den allgemeinen Gesetzen verantwortlich. Nach \u00a7\u00a7 [&hellip;]","og_url":"https:\/\/thematch.ai\/de\/impressum\/","og_site_name":"TheMatch.AI","article_modified_time":"2026-01-04T18:08:56+00:00","twitter_card":"summary_large_image","twitter_misc":{"Gesch\u00e4tzte Lesezeit":"2\u00a0Minuten"},"schema":{"@context":"https:\/\/schema.org","@graph":[{"@type":"WebPage","@id":"https:\/\/thematch.ai\/de\/impressum\/","url":"https:\/\/thematch.ai\/de\/impressum\/","name":"Impressum - TheMatch.AI","isPartOf":{"@id":"https:\/\/thematch.ai\/de\/#website"},"datePublished":"2023-10-11T21:35:38+00:00","dateModified":"2026-01-04T18:08:56+00:00","breadcrumb":{"@id":"https:\/\/thematch.ai\/de\/impressum\/#breadcrumb"},"inLanguage":"de","potentialAction":[{"@type":"ReadAction","target":["https:\/\/thematch.ai\/de\/impressum\/"]}]},{"@type":"BreadcrumbList","@id":"https:\/\/thematch.ai\/de\/impressum\/#breadcrumb","itemListElement":[{"@type":"ListItem","position":1,"name":"Startseite","item":"https:\/\/thematch.ai\/de\/"},{"@type":"ListItem","position":2,"name":"Impressum"}]},{"@type":"WebSite","@id":"https:\/\/thematch.ai\/de\/#website","url":"https:\/\/thematch.ai\/de\/","name":"TheMatch.AI","description":"","publisher":{"@id":"https:\/\/thematch.ai\/de\/#organization"},"potentialAction":[{"@type":"SearchAction","target":{"@type":"EntryPoint","urlTemplate":"https:\/\/thematch.ai\/de\/?s={search_term_string}"},"query-input":{"@type":"PropertyValueSpecification","valueRequired":true,"valueName":"search_term_string"}}],"inLanguage":"de"},{"@type":"Organization","@id":"https:\/\/thematch.ai\/de\/#organization","name":"TheMatch.AI","url":"https:\/\/thematch.ai\/de\/","logo":{"@type":"ImageObject","inLanguage":"de","@id":"https:\/\/thematch.ai\/de\/#\/schema\/logo\/image\/","url":"https:\/\/thematch.ai\/wp-content\/uploads\/2023\/10\/logo-the-match.png","contentUrl":"https:\/\/thematch.ai\/wp-content\/uploads\/2023\/10\/logo-the-match.png","width":720,"height":139,"caption":"TheMatch.AI"},"image":{"@id":"https:\/\/thematch.ai\/de\/#\/schema\/logo\/image\/"}}]}},"_links":{"self":[{"href":"https:\/\/thematch.ai\/de\/wp-json\/wp\/v2\/pages\/62","targetHints":{"allow":["GET"]}}],"collection":[{"href":"https:\/\/thematch.ai\/de\/wp-json\/wp\/v2\/pages"}],"about":[{"href":"https:\/\/thematch.ai\/de\/wp-json\/wp\/v2\/types\/page"}],"author":[{"embeddable":true,"href":"https:\/\/thematch.ai\/de\/wp-json\/wp\/v2\/users\/2"}],"replies":[{"embeddable":true,"href":"https:\/\/thematch.ai\/de\/wp-json\/wp\/v2\/comments?post=62"}],"version-history":[{"count":31,"href":"https:\/\/thematch.ai\/de\/wp-json\/wp\/v2\/pages\/62\/revisions"}],"predecessor-version":[{"id":11517,"href":"https:\/\/thematch.ai\/de\/wp-json\/wp\/v2\/pages\/62\/revisions\/11517"}],"wp:attachment":[{"href":"https:\/\/thematch.ai\/de\/wp-json\/wp\/v2\/media?parent=62"}],"curies":[{"name":"wp","href":"https:\/\/api.w.org\/{rel}","templated":true}]}}